

{"id":4634,"date":"2021-01-22T12:34:36","date_gmt":"2021-01-22T10:34:36","guid":{"rendered":"https:\/\/design.anthesisgroup.com\/politica-de-cookies\/"},"modified":"2021-01-28T14:55:42","modified_gmt":"2021-01-28T12:55:42","slug":"politica-de-cookies","status":"publish","type":"page","link":"https:\/\/design.anthesisgroup.com\/es\/politica-de-cookies\/","title":{"rendered":"Pol\u00edtica de COOKIES"},"content":{"rendered":"\n<p>Nuestro sitio utiliza <em>cookies<\/em> para distinguir c\u00f3mo las personas usan esta web. Esto nos ayuda a brindaros la mejor experiencia posible cuando naveg\u00e1is por nuestra web y nos permite mejorarla.<\/p>\n\n\n\n<p>Todos los sitios web que operan en ciertas partes de la Uni\u00f3n Europea deben obtener el consentimiento para usar o almacenar <em>cookies<\/em> (o tecnolog\u00edas similares) en ordenadores o dispositivos m\u00f3viles. Nuestra pol\u00edtica de <em>cookies<\/em> proporciona informaci\u00f3n clara y completa sobre las <em>cookies<\/em> que usamos y los objetivos por los que las usamos. Para revisar las pol\u00edticas de privacidad que se aplican a los usuarios de anthesisgroup.com, o nuestros subdominios y micrositios asociados, leed nuestra <a href=\"https:\/\/design.anthesisgroup.com\/es\/politica-de-privacidad\/\" data-type=\"URL\" data-id=\"https:\/\/design.anthesisgroup.com\/es\/politica-de-privacidad\/\"><strong>Pol\u00edtica de privacidad<\/strong>.<\/a><\/p>\n\n\n\n<h2 class=\"has-large-font-size\"><strong>\u00bfQu\u00e9 es una <em>cookie<\/em>?<\/strong><\/h2>\n\n\n\n<p>Una <em>cookie<\/em> es un peque\u00f1o archivo de letras y n\u00fameros que almacenamos en el navegador o en el disco duro del ordenador. A menos que hay\u00e1is ajustado la configuraci\u00f3n de vuestro navegador para que rechace las <em>cookies<\/em>, nuestro sistema emitir\u00e1 <em>cookies<\/em> tan pronto como visit\u00e9is nuestra web.<\/p>\n\n\n\n<h2 class=\"has-large-font-size\"><strong><strong><strong>Conceptos clave<\/strong><\/strong><\/strong><\/h2>\n\n\n\n<h3 class=\"has-medium-font-size\"><strong><em><strong><em>Cookies<\/em> propias y de terceros<\/strong><\/em><\/strong><\/h3>\n\n\n\n<p>Si una cookie es propia o de un tercero se refiere al dominio que coloca la <em>cookie<\/em>. Las <em>cookies<\/em> de origen son aquellas establecidas por un sitio web que est\u00e1 siendo visitado por el usuario en ese momento (por ejemplo, <em>cookies<\/em> colocadas por este sitio web).<\/p>\n\n\n\n<h3 class=\"has-medium-font-size\"><strong><em><strong><em>Cookies<\/em><\/strong><\/em><strong> de terceros<\/strong><\/strong><\/h3>\n\n\n\n<p>Son <em>cookies<\/em> que se establecen en un dominio que no es el del sitio visitado por el usuario. Si un usuario visita un sitio web y otra entidad establece una <em>cookie<\/em> a trav\u00e9s de ese sitio, \u00e9sta ser\u00eda de terceros.<\/p>\n\n\n\n<h3 class=\"has-medium-font-size\"><strong><em><strong><em>Cookies<\/em><\/strong><\/em><strong> <strong>persistentes<\/strong><\/strong><\/strong><\/h3>\n\n\n\n<p>Estas <em>cookies<\/em> permanecen en el dispositivo de un usuario durante el per\u00edodo de tiempo especificado en la <em>cookie<\/em>. Se activan cada vez que el usuario visita el sitio web que cre\u00f3 esa <em>cookie<\/em> en particular.<\/p>\n\n\n\n<h3 class=\"has-medium-font-size\"><strong><em><strong><em>Cookies<\/em><\/strong><\/em><strong> <strong><strong>de sesi\u00f3n<\/strong><\/strong><\/strong><\/strong><\/h3>\n\n\n\n<p>Estas <em>cookies<\/em> permiten a los operadores del sitio web vincular las acciones de un usuario durante una sesi\u00f3n del navegador. Una sesi\u00f3n de navegador comienza cuando un usuario abre la ventana del navegador y finaliza cuando cierra la ventana del navegador. Las <em>cookies<\/em> de sesi\u00f3n se crean temporalmente. Una vez que cierra el navegador, se eliminan todas las <em>cookies<\/em> de sesi\u00f3n.<\/p>\n\n\n\n<h2 class=\"has-large-font-size\"><strong><strong><strong>C\u00f3mo eliminar y bloquear nuestras <em>cookies<\/em><\/strong><\/strong><\/strong><\/h2>\n\n\n\n<p>Pod\u00e9is bloquear las <em>cookies<\/em> activando la configuraci\u00f3n en vuestro navegador que os permite rechazar la configuraci\u00f3n de todas o algunas <em>cookies<\/em>. Sin embargo, si utiliz\u00e1is la configuraci\u00f3n del navegador para bloquear todas las <em>cookies<\/em> (incluidas las <em>cookies<\/em> esenciales), es posible que no pod\u00e1is acceder a toda o a parte de nuestra web. A menos que hay\u00e1is ajustado la configuraci\u00f3n del navegador para que rechace las <em>cookies<\/em>, nuestro sistema emitir\u00e1 <em>cookies<\/em> tan pronto como visit\u00e9is nuestro sitio.<\/p>\n\n\n\n<h2 class=\"has-large-font-size\"><strong><strong><strong><strong>\u00bfPuedo retirar mi consentimiento?<\/strong><\/strong><\/strong><\/strong><\/h2>\n\n\n\n<p>Si dese\u00e1is retirar vuestro consentimiento en cualquier momento, deber\u00e9is eliminar las <em>cookies<\/em> utilizando la configuraci\u00f3n de vuestro navegador de Internet.<\/p>\n\n\n\n<p>Si quer\u00e9is obtener m\u00e1s informaci\u00f3n sobre c\u00f3mo eliminar o bloquear <em>cookies<\/em>, la pod\u00e9is encontrar <a rel=\"noreferrer noopener\" href=\"https:\/\/www.allaboutcookies.org\/es\/\" target=\"_blank\"><strong>aqu\u00ed<\/strong><\/a>.<\/p>\n\n\n\n<h2 class=\"has-large-font-size\"><strong><strong><strong><strong><strong>\u00bfQu\u00e9 <em>cookies<\/em> utilizamos y por qu\u00e9?<\/strong><\/strong><\/strong><\/strong><\/strong><\/h2>\n\n\n\n<p>Para conocer las <em>cookies<\/em> espec\u00edficas que utilizamos en este sitio, consultad la informaci\u00f3n que aparece a continuaci\u00f3n.<\/p>\n\n\n\n<p>Las <em>cookies<\/em> utilizadas en nuestro sitio se clasifican de la siguiente manera:<\/p>\n\n\n\n<ul><li>Estrictamente necesarias<\/li><li>Rendimiento<\/li><li><em><em>Cookies<\/em> de terceros<\/em><\/li><\/ul>\n\n\n\n<h3 class=\"has-medium-font-size\"><strong><strong><em><strong><em>Cookies<\/em> <\/strong><\/em><strong>estrictamente necesarias<\/strong><\/strong><\/strong><\/h3>\n\n\n\n<p>Las <em>cookies<\/em> &#8220;estrictamente necesarias&#8221; os permiten moveros por el sitio y utilizar funciones esenciales como acceder a vuestro perfil y publicar comentarios. Sin estas <em>cookies<\/em>, estos servicios no se pueden proporcionar. Tened en cuenta que estas <em>cookies<\/em> no recopilan ninguna informaci\u00f3n sobre vosotros que pueda utilizarse con fines comerciales o para recordar d\u00f3nde ha estado en Internet.<\/p>\n\n\n\n<p>Usamos estas <em>cookies<\/em> estrictamente necesarias para:<\/p>\n\n\n\n<ul><li>Identificaros como conectados a nuestro sitio; y<\/li><li>Os permite enviar informaci\u00f3n a trav\u00e9s de formularios en l\u00ednea, como formularios de registro y comentarios.<\/li><\/ul>\n\n\n\n<p>Aceptar estas <em>cookies<\/em> es una condici\u00f3n para utilizar la web, por lo que si evit\u00e1is estas <em>cookies<\/em> no podemos garantizar el uso de nuestra web o c\u00f3mo funcionar\u00e1 la seguridad en la web durante vuestra visita.<\/p>\n\n\n\n<h3 class=\"has-medium-font-size\"><strong><em><strong><em>Cookies<\/em> <\/strong><\/em><strong>de rendimiento<\/strong><\/strong><\/h3>\n\n\n\n<p>Las <em>cookies<\/em> de rendimiento recopilan informaci\u00f3n sobre c\u00f3mo us\u00e1is nuestra web. Por ejemplo, qu\u00e9 p\u00e1ginas visit\u00e1is y si experiment\u00e1is alg\u00fan error. Estas <em>cookies<\/em> no recopilan ninguna informaci\u00f3n que pueda identificaros y solo se utilizan para ayudarnos a mejorar el funcionamiento de la web, comprender qu\u00e9 interesa a nuestros usuarios y medir la eficacia de nuestro contenido.<\/p>\n\n\n\n<p>Utilizamos <em>cookies<\/em> de rendimiento de Anal\u00edtica Web para proporcionar estad\u00edsticas an\u00f3nimas sobre c\u00f3mo se utiliza nuestra web.<\/p>\n\n\n\n<p>Algunas de nuestras <em>cookies<\/em> de rendimiento son administradas por terceros. Sin embargo, no permitimos que un tercero utilice las <em>cookies<\/em> para ning\u00fan otro prop\u00f3sito que no sea el mencionado anteriormente.<\/p>\n\n\n\n<p>Al utilizar nuestro sitio, acept\u00e1is el uso de <em>cookies<\/em> de rendimiento. Aceptar estas <em>cookies<\/em> es una condici\u00f3n para usar la web, por lo que si las evita, no podemos garantizar el rendimiento de nuestra web.<\/p>\n\n\n\n<h3 class=\"has-medium-font-size\"><strong><em><strong><em>Cookies<\/em> <\/strong><\/em><strong>de terceros<\/strong><\/strong><\/h3>\n\n\n\n<h4 class=\"has-normal-font-size\"><strong><strong>Google Analytics<\/strong><\/strong><\/h4>\n\n\n\n<p>Google Analytics establece <em>cookies<\/em> en nuestra web. Se puede ver una descripci\u00f3n de esto <a rel=\"noreferrer noopener\" href=\"https:\/\/developers.google.com\/analytics\/devguides\/collection\/analyticsjs\/cookie-usage\" target=\"_blank\"><strong>aqu\u00ed<\/strong><\/a>.<\/p>\n\n\n\n<p>Google almacena la informaci\u00f3n recopilada por la <em>cookie<\/em> en servidores de EE. UU. Google tambi\u00e9n puede transferir esta informaci\u00f3n a terceros cuando as\u00ed lo requiera la ley, o cuando dichos terceros procesen la informaci\u00f3n en nombre de Google. Google no asociar\u00e1 vuestra direcci\u00f3n IP con ning\u00fan otro dato que tenga Google. Al utilizar nuestra web, dais vuestro consentimiento para que Google procese los datos de la manera y para los fines establecidos anteriormente.<\/p>\n\n\n\n<p>Pod\u00e9is obtener m\u00e1s informaci\u00f3n sobre c\u00f3mo rechazar o eliminar las <em>cookies<\/em> <a rel=\"noreferrer noopener\" href=\"http:\/\/www.google.com\/intl\/en\/policies\/privacy\/\" target=\"_blank\"><strong>aqu\u00ed<\/strong><\/a>.<\/p>\n\n\n\n<h4 class=\"has-normal-font-size\"><strong><strong><strong>WordPress<\/strong><\/strong><\/strong><\/h4>\n\n\n\n<p>WordPress ha establecido <em>cookies<\/em> en nuestra web. Pod\u00e9is ver una descripci\u00f3n general de las <em>cookies<\/em> de WordPress y su pol\u00edtica <a href=\"https:\/\/wordpress.org\/support\/article\/cookies\/\"><strong>aqu\u00ed<\/strong>.<\/a><\/p>\n\n\n\n<p>WordPress usa <em>cookies<\/em> para diferentes prop\u00f3sitos. Algunas <em>cookies<\/em> son necesarias por razones t\u00e9cnicas, algunas permiten una experiencia personalizada tanto para los visitantes como para los usuarios registrados, y algunas permiten mostrar publicidad de determinadas redes de terceros. Algunas de estas <em>cookies<\/em> se pueden configurar cuando se carga una p\u00e1gina o cuando un visitante realiza una acci\u00f3n en particular (hacer clic en el bot\u00f3n &#8220;Me gusta&#8221; o &#8220;Seguir&#8221; en una publicaci\u00f3n, por ejemplo).<\/p>\n\n\n\n<p>Pod\u00e9is obtener m\u00e1s informaci\u00f3n sobre c\u00f3mo rechazar o eliminar sus cookies en <a href=\"https:\/\/www.allaboutcookies.org\/es\/\"><strong>la p\u00e1gina<\/strong><\/a> &#8220;\u00bfC\u00f3mo puedo controlar las <em>cookies<\/em>?&#8221;.<\/p>\n\n\n\n<h2 class=\"has-large-font-size\"><strong><strong>M\u00e1s informaci\u00f3n sobre las <em>cookies<\/em><\/strong><\/strong><\/h2>\n\n\n\n<p>Informaci\u00f3n sobre <em>cookies<\/em>: se puede encontrar informaci\u00f3n \u00fatil sobre las <em>cookies<\/em> <a rel=\"noreferrer noopener\" href=\"https:\/\/www.allaboutcookies.org\/es\/\" target=\"_blank\"><strong>aqu\u00ed<\/strong><\/a>.<\/p>\n","protected":false},"excerpt":{"rendered":"<p>Nuestro sitio utiliza cookies para distinguir c\u00f3mo las personas usan esta web. Esto nos ayuda a brindaros la mejor experiencia posible cuando naveg\u00e1is por nuestra web y nos permite mejorarla. Todos los sitios web que operan en ciertas partes de [&hellip;]<\/p>\n","protected":false},"author":3,"featured_media":0,"parent":0,"menu_order":0,"comment_status":"closed","ping_status":"closed","template":"","meta":[],"_links":{"self":[{"href":"https:\/\/design.anthesisgroup.com\/es\/wp-json\/wp\/v2\/pages\/4634\/"}],"collection":[{"href":"https:\/\/design.anthesisgroup.com\/es\/wp-json\/wp\/v2\/pages\/"}],"about":[{"href":"https:\/\/design.anthesisgroup.com\/es\/wp-json\/wp\/v2\/types\/page\/"}],"author":[{"embeddable":true,"href":"https:\/\/design.anthesisgroup.com\/es\/wp-json\/wp\/v2\/users\/3\/"}],"replies":[{"embeddable":true,"href":"https:\/\/design.anthesisgroup.com\/es\/wp-json\/wp\/v2\/comments\/?post=4634"}],"version-history":[{"count":1,"href":"https:\/\/design.anthesisgroup.com\/es\/wp-json\/wp\/v2\/pages\/4634\/revisions\/"}],"predecessor-version":[{"id":4636,"href":"https:\/\/design.anthesisgroup.com\/es\/wp-json\/wp\/v2\/pages\/4634\/revisions\/4636\/"}],"wp:attachment":[{"href":"https:\/\/design.anthesisgroup.com\/es\/wp-json\/wp\/v2\/media\/?parent=4634"}],"curies":[{"name":"wp","href":"https:\/\/api.w.org\/{rel}","templated":true}]}}