

{"id":4621,"date":"2020-09-16T13:00:30","date_gmt":"2020-09-16T11:00:30","guid":{"rendered":"http:\/\/design.anthesisgroup.com\/politica-de-privacitat\/"},"modified":"2024-02-27T09:16:25","modified_gmt":"2024-02-27T07:16:25","slug":"politica-de-privacidad","status":"publish","type":"page","link":"https:\/\/design.anthesisgroup.com\/es\/politica-de-privacidad\/","title":{"rendered":"POL\u00cdTICA DE PROTECCI\u00d3N DE DATOS"},"content":{"rendered":"\n<h2 class=\"has-large-font-size\">\u00bfQui\u00e9nes somos?<\/h2>\n\n\n\n<p>Esta es la pol\u00edtica de protecci\u00f3n de datos de Lavola 1981 SAU (en adelante, Lavola), con CIF A58635269, domicilio en Avda. de Roma, 252-254, tel. +34 938 515 055, Manlleu (CP 08560), direcci\u00f3n electr\u00f3nica&nbsp;<strong>info@lavola.com<\/strong>,<a href=\"http:\/\/design.anthesisgroup.com\" data-type=\"URL\" data-id=\"design.anthesisgroup.com\">&nbsp;<strong>design.anthesisgroup.com<\/strong><\/a>, inscrita en el Registro Mercantil de Barcelona, \u200b\u200bSecci\u00f3n General, volumen 42724, folio 168, hoja 158.397, inscripci\u00f3n 27.<\/p>\n\n\n\n<p>Esta pol\u00edtica hace referencia a los datos personales que Lavola trata en el ejercicio de sus actividades como empresa de servicios. En el tratamiento de los datos personales se aplican en todo momento los principios, pautas y exigencias del Reglamento General de Protecci\u00f3n de Datos (Reglamento (UE) 2016\/679 del Parlamento Europeo y del Consejo, de 27 de abril de 2016) y de la Ley Org\u00e1nica 3\/2018, de 5 de diciembre, de protecci\u00f3n de datos personales y garant\u00eda de los derechos digitales (LOPDGDD).<\/p>\n\n\n\n<h2 class=\"has-large-font-size\"><strong>\u00bfQui\u00e9n es el responsable del tratamiento de los datos personales?<\/strong><\/h2>\n\n\n\n<p>Lavola es responsable del tratamiento de los datos personales que se obtienen por medio de este sitio web. Lo es tambi\u00e9n de los datos personales que obtiene de sus clientes y proveedores, as\u00ed como de los datos de sus empleados y colaboradores. En estos casos Lavola es la responsable del tratamiento de los datos en el sentido del art\u00edculo 4.7 del Reglamento General de Protecci\u00f3n de Datos.<\/p>\n\n\n\n<p>Por su naturaleza y especializaci\u00f3n, Lavola trata tambi\u00e9n datos en cumplimiento de los encargos de sus clientes. En estos casos el responsable del tratamiento ser\u00e1 el propio cliente, asumiendo Lavola la funci\u00f3n de encargado del tratamiento, en el sentido del art\u00edculo 4.8 del Reglamento General de Protecci\u00f3n de Datos.<\/p>\n\n\n\n<h2 class=\"has-large-font-size\"><strong>\u00bfCon qu\u00e9 finalidad tratamos los datos?<\/strong><\/h2>\n\n\n\n<p>Tratamos los datos personales pensando en los derechos de las personas y siempre de forma proporcional. Entre las actividades principales de Lavola figuran la organizaci\u00f3n y gesti\u00f3n de campa\u00f1as de comunicaci\u00f3n, proyectos educativos, sesiones de participaci\u00f3n y servicios de consultor\u00eda, actividades que lleva a cabo por encargo de empresas y de organismos p\u00fablicos.<\/p>\n\n\n\n<p>Por otra parte Lavola trata datos que quedan bajo su exclusiva responsabilidad. Enumeramos seguidamente las principales finalidades de los tratamientos efectuados por Lavola como responsable del tratamiento.<\/p>\n\n\n\n<h3 class=\"has-medium-font-size\"><strong>Servicios a los clientes<\/strong><\/h3>\n\n\n\n<p>Registramos nuestros clientes y tratamos los datos adicionales que se puedan generar como resultado de la relaci\u00f3n comercial. En el proceso de contrataci\u00f3n se piden los datos imprescindibles, entre las que deben figurar datos bancarios que ser\u00e1n comunicados a entidades bancarias en el momento de facturar y \u00fanicamente para este fin. La relaci\u00f3n de prestaci\u00f3n de servicios conlleva otros tratamientos, como incorporar los datos a la contabilidad, la facturaci\u00f3n o informaci\u00f3n a la administraci\u00f3n tributaria.<\/p>\n\n\n\n<h3 class=\"has-medium-font-size\"><strong>Informaci\u00f3n de nuestros productos y servicios<\/strong><\/h3>\n\n\n\n<p>Mientras existe relaci\u00f3n contractual con sus clientes Lavola utiliza los datos de contacto para comunicar informaci\u00f3n propia de esta relaci\u00f3n, informaci\u00f3n que podr\u00e1 circunstancialmente incluir referencias de nuestros servicios, ya sean de car\u00e1cter general o referidos m\u00e1s espec\u00edficamente a las caracter\u00edsticas y necesidades del cliente . Lavola env\u00eda informaci\u00f3n de sus servicios a personas que lo solicitan, haya existido o no relaci\u00f3n comercial previamente. En estos casos se solicita su consentimiento de forma expl\u00edcita.<\/p>\n\n\n\n<h3 class=\"has-medium-font-size\"><strong>Gesti\u00f3n de los datos de nuestros proveedores<\/strong><\/h3>\n\n\n\n<p>Registramos y tratamos los datos de los proveedores de quien obtenemos servicios o bienes. Pueden ser los datos de personas que act\u00faan como aut\u00f3nomos y tambi\u00e9n datos de representantes de personas jur\u00eddicas. Obtenemos los datos imprescindibles para mantener la relaci\u00f3n comercial, los destinamos \u00fanicamente a este fin y hacemos el uso propio de esta clase de relaci\u00f3n.<\/p>\n\n\n\n<h3 class=\"has-medium-font-size\"><strong>Atenci\u00f3n a consultas<\/strong><\/h3>\n\n\n\n<p>Atendemos las consultas de las personas que contactan con nosotros por medio de formularios de contacto de nuestra p\u00e1gina web. Los utilizamos \u00fanicamente para esta finalidad. Atendemos telef\u00f3nicamente las personas que se ponen en contacto con nosotros por esta v\u00eda.<\/p>\n\n\n\n<h3 class=\"has-medium-font-size\"><strong>Selecci\u00f3n de personal<\/strong><\/h3>\n\n\n\n<p>Guardamos los&nbsp;<em>curr\u00edculum vitae<\/em>&nbsp;que nos hacen llegar personas interesadas en trabajar con nosotros y tratamos tambi\u00e9n datos personales resultantes de los procesos de selecci\u00f3n de personal. Lo hacemos con el fin de analizar la adecuaci\u00f3n del perfil de los candidatos a los puestos vacantes o de nueva creaci\u00f3n. Nuestro criterio es conservar durante un plazo m\u00e1ximo de dos a\u00f1os tambi\u00e9n los datos de las personas que no terminen siendo contratadas, por si a corto plazo se produce una nueva vacante o nuevo puesto de trabajo. No obstante, en este \u00faltimo caso, eliminamos inmediatamente los datos si el interesado nos lo pide.<\/p>\n\n\n\n<h3 class=\"has-medium-font-size\"><strong>Videovigilancia<\/strong><\/h3>\n\n\n\n<p>En el acceso a nuestras instalaciones informa, cuando es el caso, de la existencia de c\u00e1maras de videovigilancia mediante los r\u00f3tulos homologados. Las c\u00e1maras graban im\u00e1genes s\u00f3lo de los puntos en los que es justificado para garantizar la seguridad de los bienes y de las personas. Las im\u00e1genes se utilizan \u00fanicamente para esta finalidad.<\/p>\n\n\n\n<h3 class=\"has-medium-font-size\"><strong>Usuarios de nuestra web<\/strong><\/h3>\n\n\n\n<p>El sistema de navegaci\u00f3n y el software que posibilita el funcionamiento de nuestra web recogen los datos que ordinariamente se generan en el uso de los protocolos de Internet. En esta categor\u00eda de datos se encuentran, entre otros, la direcci\u00f3n IP o nombre de dominio del ordenador utilizado por la persona que se conecta al sitio web. Esta informaci\u00f3n no se asocia a otros datos de los usuarios y se utiliza con la finalidad exclusiva de obtener informaci\u00f3n estad\u00edstica sobre el uso del sitio web. Nuestra web utiliza galletas (cookies) que permiten realizar estad\u00edsticas y recoger informaci\u00f3n t\u00e9cnica para facilitar la accesibilidad y el uso eficiente del sitio. Puede leer m\u00e1s informaci\u00f3n sobre las cookies que utilizamos en este<a href=\"https:\/\/www.lavola.com\/es\/politica-cookies\/\">\u00a0<\/a><a href=\"https:\/\/www.anthesisgroup.com\/es\/politicas\/privacidad\/\">enlace.<\/a><\/p>\n\n\n\n<h2 class=\"has-large-font-size\"><strong>\u00bfCu\u00e1l es la legitimaci\u00f3n legal para el tratamiento de los datos?<\/strong><\/h2>\n\n\n\n<p>Los tratamientos de datos que llevamos a cabo tienen diferentes fundamentos legales, seg\u00fan la naturaleza de cada tratamiento. Enumeramos los casos principales cuando Lavola tiene la condici\u00f3n de responsable del tratamiento.<\/p>\n\n\n\n<h3 class=\"has-medium-font-size\"><strong>En cumplimiento de una relaci\u00f3n precontractual<\/strong><\/h3>\n\n\n\n<p>Caso de los datos de posibles clientes o proveedores con los que tenemos relaciones previas a la formalizaci\u00f3n de una relaci\u00f3n contractual, como la elaboraci\u00f3n o el estudio de presupuestos). Es tambi\u00e9n el caso del tratamiento de datos de personas que nos han hecho llegar sus<em>&nbsp;curriculum vitae<\/em>&nbsp;o que participan en procesos selectivos.<\/p>\n\n\n\n<h3 class=\"has-medium-font-size\"><strong>En cumplimiento de una relaci\u00f3n contractual<\/strong><\/h3>\n\n\n\n<p>Caso de las relaciones con nuestros clientes y proveedores y todas las actuaciones y usos que estas relaciones conllevan.<\/p>\n\n\n\n<h3 class=\"has-medium-font-size\"><strong>En cumplimiento de obligaciones legales<\/strong><\/h3>\n\n\n\n<p>Las comunicaciones de datos a la administraci\u00f3n tributaria viene establecida por normas reguladoras de las relaciones comerciales. Puede producirse el caso de tener que comunicar datos a \u00f3rganos judiciales o en cuerpos y fuerzas de seguridad tambi\u00e9n en cumplimiento de normas legales que obligan a colaborar con estos estamentos p\u00fablicos.<\/p>\n\n\n\n<h3 class=\"has-medium-font-size\"><strong>En base al consentimiento<\/strong><\/h3>\n\n\n\n<p>Cuando hacemos env\u00edos de informaci\u00f3n de nuestros productos o servicios tratamos los datos de contacto de los receptores con su autorizaci\u00f3n o consentimiento expl\u00edcito. Los datos de navegaci\u00f3n que podamos obtener mediante cookies los obtenemos con el consentimiento de la persona que visita nuestra web, consentimiento que puede revocar en cualquier momento desinstalando estas cookies.<\/p>\n\n\n\n<h3 class=\"has-medium-font-size\"><strong>Por inter\u00e9s leg\u00edtimo<\/strong><\/h3>\n\n\n\n<p>Las im\u00e1genes que obtenemos con las c\u00e1maras de videovigilancia se tratan por el inter\u00e9s leg\u00edtimo de nuestra empresa de preservar sus bienes e instalaciones. Nuestro inter\u00e9s leg\u00edtimo justifica tambi\u00e9n el tratamiento de datos que obtenemos de los formularios de contacto.<\/p>\n\n\n\n<h2 class=\"has-large-font-size\">\u00bf<strong>A qui\u00e9n se comunican los datos?<\/strong><\/h2>\n\n\n\n<p>Como criterio general \u00fanicamente comunicamos datos a administraciones o poderes p\u00fablicos y siempre en cumplimientos de obligaciones legales. A efectos de facturaci\u00f3n de nuestros servicios los datos se pueden comunicar a entidades bancarias. En casos justificados comunicaremos los datos a los cuerpos y fuerzas de seguridad o los \u00f3rganos judiciales competentes.<\/p>\n\n\n\n<p>En un otros sentido, para determinadas tareas obtenemos los servicios de empresas o personas que nos aportan su experiencia y especializaci\u00f3n. En algunas ocasiones estas empresas externas deben acceder a datos personales de nuestra responsabilidad. No se trata propiamente de una cesi\u00f3n de datos sino de un encargo de tratamiento. \u00danicamente se contratan servicios de empresas que garantizan el cumplimiento de la normativa de protecci\u00f3n de datos. En el momento de la contrataci\u00f3n se formalizan sus obligaciones de confidencialidad y se hace un seguimiento de su actuaci\u00f3n. Puede ser el caso de servicios de alojamiento de datos, de servicios de soporte inform\u00e1tico o de asesor\u00edas jur\u00eddicas, contables o fiscales.<\/p>\n\n\n\n<h2 class=\"has-large-font-size\">\u00bf<strong>Cu\u00e1nto tiempo conservamos los datos?<\/strong><\/h2>\n\n\n\n<p>Se conservan los datos hasta que no prescriban las responsabilidades legales derivadas de la relaci\u00f3n contractual. En el caso de los datos que se tratan en base al consentimiento de la persona interesada, se conservan hasta que esta persona no revoca este consentimiento. Las im\u00e1genes obtenidas por las c\u00e1maras de videovigilancia se conservan como m\u00e1ximo durante un mes, si bien en el caso de incidentes que lo justifiquen se conservar\u00e1n el tiempo necesario para facilitar las actuaciones de los cuerpos y fuerzas de seguridad o de los \u00f3rganos judiciales.<\/p>\n\n\n\n<h2 class=\"has-large-font-size\"><strong>\u00bfQu\u00e9 derechos tienen las personas en relaci\u00f3n a los datos que tratamos?<\/strong><\/h2>\n\n\n\n<p>Tal como prev\u00e9 el Reglamento General de Protecci\u00f3n de Datos, las personas de quienes tratamos datos tienen los siguientes derechos:<\/p>\n\n\n\n<h3 class=\"has-medium-font-size\"><strong>A saber si se tratan<\/strong><\/h3>\n\n\n\n<p>Cualquier persona tiene, en primer lugar, derecho a saber si nosotros tratamos sus datos, con independencia de si ha existido una relaci\u00f3n previa.<\/p>\n\n\n\n<h3 class=\"has-medium-font-size\"><strong>A ser informado en la recogida<\/strong><\/h3>\n\n\n\n<p>Cuando los datos personales se obtienen del propio interesado, en el momento de proporcionarles las debe tener informaci\u00f3n clara de las finalidades a las que se destinar\u00e1n, de qui\u00e9n ser\u00e1 el responsable del tratamiento y del resto de aspectos derivados de este tratamiento.<\/p>\n\n\n\n<h3 class=\"has-medium-font-size\"><strong>A acceder<\/strong><\/h3>\n\n\n\n<p>Derecho muy amplio que incluye el de saber con precisi\u00f3n qu\u00e9 datos personales son objeto de tratamiento, cu\u00e1l es la finalidad para la que se tratan, las comunicaciones a otras personas que se har\u00e1n (en su caso) o el derecho a obtenerlo copia oa saber el plazo previsto de conservaci\u00f3n.<\/p>\n\n\n\n<h3 class=\"has-medium-font-size\"><strong>A pedir su rectificaci\u00f3n<\/strong><\/h3>\n\n\n\n<p>Es el derecho a hacer rectificar los datos inexactos que sean objeto de tratamiento por parte nuestra.<\/p>\n\n\n\n<h3 class=\"has-medium-font-size\"><strong>A pedir su supresi\u00f3n<\/strong><\/h3>\n\n\n\n<p>En determinadas circunstancias existe el derecho a pedir la supresi\u00f3n de los datos cuando, entre otros motivos, ya no sean necesarias para los fines para los que fueron recogidos y justificaron el tratamiento.<\/p>\n\n\n\n<h3 class=\"has-medium-font-size\"><strong>Pedir la limitaci\u00f3n del tratamiento<\/strong><\/h3>\n\n\n\n<p>Tambi\u00e9n en determinadas circunstancias se reconoce el derecho a pedir la limitaci\u00f3n del tratamiento de los datos. En este caso dejar\u00e1n de ser tratadas y s\u00f3lo se conservar\u00e1n para el ejercicio o la defensa de reclamaciones, de acuerdo con el Reglamento General de Protecci\u00f3n de Datos.<\/p>\n\n\n\n<h3 class=\"has-medium-font-size\"><strong>En la portabilidad<\/strong><\/h3>\n\n\n\n<p>En los casos previstos en la normativa se reconoce el derecho a obtener los datos personales propios en un formato estructurado de uso com\u00fan legible por m\u00e1quina, y transmitirlas a otro responsable del tratamiento si as\u00ed lo decide la persona interesada.<\/p>\n\n\n\n<h3 class=\"has-medium-font-size\"><strong>A oponerse al tratamiento<\/strong><\/h3>\n\n\n\n<p>Una persona puede aducir motivos relacionados con su situaci\u00f3n particular, motivos que comportar\u00e1n que dejen de tratarse sus datos en el grado o medida que pueda suponer un perjuicio, excepto por motivos leg\u00edtimos o el ejercicio o defensa ante reclamaciones.<\/p>\n\n\n\n<h3 class=\"has-medium-font-size\"><strong>A no recibir informaci\u00f3n comercial<\/strong><\/h3>\n\n\n\n<p>Atenderemos inmediatamente las peticiones de no seguir enviando informaci\u00f3n comercial a las personas que previamente nos lo hubieran autorizado.<\/p>\n\n\n\n<h2 class=\"has-large-font-size\">\u00bf<strong>C\u00f3mo se pueden ejercer o defender los derechos?<\/strong><\/h2>\n\n\n\n<p>Los derechos que acabamos de enumerar pueden ejercerse dirigiendo una solicitud escrita a Lavola a la direcci\u00f3n postal avenida de Roma, 254, de Manlleu (CP 08560), o bien enviando un correo electr\u00f3nico a&nbsp;<strong>lopd@lavola.com<\/strong>, indicando en todos los casos \u201cProtecci\u00f3n de datos personales\u201d.<\/p>\n\n\n\n<p>Si no se ha obtenido respuesta satisfactoria en el ejercicio de los derechos es posible presentar una reclamaci\u00f3n ante la Agencia Espa\u00f1ola de Protecci\u00f3n de Datos, por medio de los formularios u otros canales accesibles desde su p\u00e1gina&nbsp;<a rel=\"noreferrer noopener\" href=\"http:\/\/www.agpd.es\/\" target=\"_blank\">www.agpd.es<\/a>.<\/p>\n\n\n\n<p><\/p>\n","protected":false},"excerpt":{"rendered":"<p>\u00bfQui\u00e9nes somos? Esta es la pol\u00edtica de protecci\u00f3n de datos de Lavola 1981 SAU (en adelante, Lavola), con CIF A58635269, domicilio en Avda. de Roma, 252-254, tel. +34 938 515 055, Manlleu (CP 08560), direcci\u00f3n electr\u00f3nica&nbsp;info@lavola.com,&nbsp;design.anthesisgroup.com, inscrita en el Registro [&hellip;]<\/p>\n","protected":false},"author":1,"featured_media":0,"parent":0,"menu_order":0,"comment_status":"closed","ping_status":"open","template":"","meta":[],"_links":{"self":[{"href":"https:\/\/design.anthesisgroup.com\/es\/wp-json\/wp\/v2\/pages\/4621\/"}],"collection":[{"href":"https:\/\/design.anthesisgroup.com\/es\/wp-json\/wp\/v2\/pages\/"}],"about":[{"href":"https:\/\/design.anthesisgroup.com\/es\/wp-json\/wp\/v2\/types\/page\/"}],"author":[{"embeddable":true,"href":"https:\/\/design.anthesisgroup.com\/es\/wp-json\/wp\/v2\/users\/1\/"}],"replies":[{"embeddable":true,"href":"https:\/\/design.anthesisgroup.com\/es\/wp-json\/wp\/v2\/comments\/?post=4621"}],"version-history":[{"count":3,"href":"https:\/\/design.anthesisgroup.com\/es\/wp-json\/wp\/v2\/pages\/4621\/revisions\/"}],"predecessor-version":[{"id":6383,"href":"https:\/\/design.anthesisgroup.com\/es\/wp-json\/wp\/v2\/pages\/4621\/revisions\/6383\/"}],"wp:attachment":[{"href":"https:\/\/design.anthesisgroup.com\/es\/wp-json\/wp\/v2\/media\/?parent=4621"}],"curies":[{"name":"wp","href":"https:\/\/api.w.org\/{rel}","templated":true}]}}