

{"id":4606,"date":"2019-01-08T10:51:31","date_gmt":"2019-01-08T10:51:31","guid":{"rendered":"http:\/\/design.anthesisgroup.com\/contacte\/"},"modified":"2024-10-16T09:59:11","modified_gmt":"2024-10-16T07:59:11","slug":"contacto","status":"publish","type":"page","link":"https:\/\/design.anthesisgroup.com\/es\/contacto\/","title":{"rendered":"Contacto"},"content":{"rendered":"<p>[vc_row row_content_width=&#8221;grid&#8221; css=&#8221;.vc_custom_1601021914355{margin-top: 4rem !important;margin-bottom: 8rem !important;}&#8221;][vc_column width=&#8221;2\/3&#8243;]<div class=\"edgtf-section-title-holder  edgtf-st-standard edgtf-st-title-left edgtf-st-normal-space edgtf-st-disable-title-break\" >\n\t<div class=\"edgtf-st-inner\">\n\t\t\t\t\t<h2 class=\"edgtf-st-title\" >\n\t\t\t\tCONTACTO\t\t\t<\/h2>\n\t\t\t\t\t\t\t<p class=\"edgtf-st-text\" style=\"margin-top: 30px\">\n\t\t\t\t\u00bfTen\u00e9is alguna consulta o quer\u00e9is explicarnos algo?<br \/>\nEscribidnos y nos pondremos en contacto con vosotros en breve.\t\t\t<\/p>\n\t\t\t<\/div>\n<\/div>[vc_empty_space height=&#8221;49px&#8221;]<div role=\"form\" class=\"wpcf7\" id=\"wpcf7-f4604-o1\" lang=\"en-US\" dir=\"ltr\">\n<div class=\"screen-reader-response\"><p role=\"status\" aria-live=\"polite\" aria-atomic=\"true\"><\/p> <ul><\/ul><\/div>\n<form action=\"\/es\/wp-json\/wp\/v2\/pages\/4606#wpcf7-f4604-o1\" method=\"post\" class=\"wpcf7-form init cf7_custom_style_1\" novalidate=\"novalidate\" data-status=\"init\">\n<div style=\"display: none;\">\n<input type=\"hidden\" name=\"_wpcf7\" value=\"4604\" \/>\n<input type=\"hidden\" name=\"_wpcf7_version\" value=\"5.3\" \/>\n<input type=\"hidden\" name=\"_wpcf7_locale\" value=\"en_US\" \/>\n<input type=\"hidden\" name=\"_wpcf7_unit_tag\" value=\"wpcf7-f4604-o1\" \/>\n<input type=\"hidden\" name=\"_wpcf7_container_post\" value=\"0\" \/>\n<input type=\"hidden\" name=\"_wpcf7_posted_data_hash\" value=\"\" \/>\n<\/div>\n<div><span class=\"wpcf7-form-control-wrap your-name\"><input type=\"text\" name=\"your-name\" value=\"\" size=\"40\" class=\"wpcf7-form-control wpcf7-text\" aria-invalid=\"false\" placeholder=\"Nombre\" \/><\/span><\/div>\n<div><span class=\"wpcf7-form-control-wrap text-empresa\"><input type=\"text\" name=\"text-empresa\" value=\"\" size=\"40\" class=\"wpcf7-form-control wpcf7-text\" aria-invalid=\"false\" placeholder=\"Empresa\" \/><\/span><\/div>\n<div><span class=\"wpcf7-form-control-wrap your-email\"><input type=\"email\" name=\"your-email\" value=\"\" size=\"40\" class=\"wpcf7-form-control wpcf7-text wpcf7-email wpcf7-validates-as-required wpcf7-validates-as-email\" aria-required=\"true\" aria-invalid=\"false\" placeholder=\"Email\" \/><\/span><\/div>\n<div><span class=\"wpcf7-form-control-wrap your-message\"><textarea name=\"your-message\" cols=\"40\" rows=\"1\" class=\"wpcf7-form-control wpcf7-textarea\" aria-invalid=\"false\" placeholder=\"Mensaje\"><\/textarea><\/span><\/div>\n<div style=\"font-family: Heebo; font-weight: 300; color:#021d49;\">Atendemos las consultas de las personas que utiliz\u00e1is el formulario de Contacto para atender vuestra solicitud. Los datos se utilizan \u00fanicamente para esta finalidad y no se comunican a otras personas. Encontrar\u00e9ms m\u00e1s informaci\u00f3n sobre nuestra pol\u00edtica de protecci\u00f3n de datos en este <a href=\"politica-de-privacidad\">enlace.<\/div>\n<p><br><\/p>\n<div style=\"font-family: Heebo; font-weight: 300; color:#021d49;\">De vez en cuando nos gustar\u00eda informaros sobre nuestros productos y servicios, as\u00ed como otro contenido que os pueda ser de inter\u00e9s. Si acept\u00e1is que nos pongamos en contacto con vosotros por este motivo, por favor marcad la casilla que hay m\u00e1s abajo:<\/div>\n<p><br><\/p>\n<div style=\"margin-bottom:2rem;\"><span class=\"wpcf7-form-control-wrap acceptance-163\"><span class=\"wpcf7-form-control wpcf7-acceptance optional\"><span class=\"wpcf7-list-item\"><input type=\"checkbox\" name=\"acceptance-163\" value=\"1\" aria-invalid=\"false\" \/><\/span><\/span><\/span> Acepto la <a href=\"politica-de-privacidad\">poli\u0301tica de tratamiento de datos y privacidad.<\/div>\n<div><button type=\"submit\" class=\"wpcf7-form-control wpcf7-submit edgtf-btn edgtf-btn-medium edgtf-btn-solid\"  data-text=\"Enviar\"><span class=\"edgtf-btn-text\">Enviar<\/span><\/button><\/div>\n<div class=\"wpcf7-response-output\" aria-hidden=\"true\"><\/div><\/form><\/div>[vc_row_inner css=&#8221;.vc_custom_1603204758661{margin-top: 6rem !important;}&#8221;][vc_column_inner width=&#8221;1\/3&#8243;][vc_single_image image=&#8221;6782&#8243; img_size=&#8221;full&#8221; el_class=&#8221;logo-contact&#8221;][\/vc_column_inner][vc_column_inner width=&#8221;1\/3&#8243;][\/vc_column_inner][vc_column_inner width=&#8221;1\/3&#8243;][\/vc_column_inner][\/vc_row_inner][vc_row_inner css=&#8221;.vc_custom_1729065313893{margin-top: 2rem !important;}&#8221;][vc_column_inner width=&#8221;1\/3&#8243;][vc_column_text]<strong>BARCELONA<\/strong><br \/>\nRbla. Catalunya, 6, 2\u00aa<br \/>\n08007 Barcelona[\/vc_column_text][\/vc_column_inner][vc_column_inner width=&#8221;1\/3&#8243;][vc_column_text]<strong>MANLLEU<\/strong><br \/>\nAv. de Roma, 254<br \/>\n08560 Manlleu[\/vc_column_text][\/vc_column_inner][vc_column_inner width=&#8221;1\/3&#8243;][vc_column_text]<strong>MADRID<\/strong><br \/>\nGran V\u00eda, 63 3\u00ba dcha<br \/>\n28013 Madrid[\/vc_column_text][\/vc_column_inner][\/vc_row_inner][\/vc_column][vc_column width=&#8221;1\/3&#8243;][\/vc_column][\/vc_row]<\/p>\n","protected":false},"excerpt":{"rendered":"<p>[vc_row row_content_width=&#8221;grid&#8221; css=&#8221;.vc_custom_1601021914355{margin-top: 4rem !important;margin-bottom: 8rem !important;}&#8221;][vc_column width=&#8221;2\/3&#8243;][vc_empty_space height=&#8221;49px&#8221;][vc_row_inner css=&#8221;.vc_custom_1603204758661{margin-top: 6rem !important;}&#8221;][vc_column_inner width=&#8221;1\/3&#8243;][vc_single_image image=&#8221;6782&#8243; img_size=&#8221;full&#8221; el_class=&#8221;logo-contact&#8221;][\/vc_column_inner][vc_column_inner width=&#8221;1\/3&#8243;][\/vc_column_inner][vc_column_inner width=&#8221;1\/3&#8243;][\/vc_column_inner][\/vc_row_inner][vc_row_inner css=&#8221;.vc_custom_1729065313893{margin-top: 2rem !important;}&#8221;][vc_column_inner width=&#8221;1\/3&#8243;][vc_column_text]BARCELONA Rbla. Catalunya, 6, 2\u00aa 08007 Barcelona[\/vc_column_text][\/vc_column_inner][vc_column_inner width=&#8221;1\/3&#8243;][vc_column_text]MANLLEU Av. de Roma, 254 08560 Manlleu[\/vc_column_text][\/vc_column_inner][vc_column_inner width=&#8221;1\/3&#8243;][vc_column_text]MADRID Gran V\u00eda, 63 3\u00ba [&hellip;]<\/p>\n","protected":false},"author":1,"featured_media":0,"parent":0,"menu_order":0,"comment_status":"closed","ping_status":"closed","template":"full-width.php","meta":[],"_links":{"self":[{"href":"https:\/\/design.anthesisgroup.com\/es\/wp-json\/wp\/v2\/pages\/4606\/"}],"collection":[{"href":"https:\/\/design.anthesisgroup.com\/es\/wp-json\/wp\/v2\/pages\/"}],"about":[{"href":"https:\/\/design.anthesisgroup.com\/es\/wp-json\/wp\/v2\/types\/page\/"}],"author":[{"embeddable":true,"href":"https:\/\/design.anthesisgroup.com\/es\/wp-json\/wp\/v2\/users\/1\/"}],"replies":[{"embeddable":true,"href":"https:\/\/design.anthesisgroup.com\/es\/wp-json\/wp\/v2\/comments\/?post=4606"}],"version-history":[{"count":6,"href":"https:\/\/design.anthesisgroup.com\/es\/wp-json\/wp\/v2\/pages\/4606\/revisions\/"}],"predecessor-version":[{"id":6793,"href":"https:\/\/design.anthesisgroup.com\/es\/wp-json\/wp\/v2\/pages\/4606\/revisions\/6793\/"}],"wp:attachment":[{"href":"https:\/\/design.anthesisgroup.com\/es\/wp-json\/wp\/v2\/media\/?parent=4606"}],"curies":[{"name":"wp","href":"https:\/\/api.w.org\/{rel}","templated":true}]}}